{"id":16,"date":"2014-03-26T22:15:08","date_gmt":"2014-03-26T22:15:08","guid":{"rendered":"http:\/\/its-conf.org\/2014\/?page_id=16"},"modified":"2024-11-18T12:52:46","modified_gmt":"2024-11-18T12:52:46","slug":"committees","status":"publish","type":"page","link":"https:\/\/www.is-conf.org\/oldconferences\/2025\/committees\/","title":{"rendered":"Committees"},"content":{"rendered":"<p style=\"color: #2d2d2d; text-align: justify;\"><strong>Conference Chair<\/strong><\/p>\n<p style=\"color: #2d2d2d; text-align: justify;\">Professor Philip Powell, University of London, UK<\/p>\n<p>&nbsp;<\/p>\n<p style=\"color: #2d2d2d; text-align: justify;\"><strong>Program Co-Chairs<\/strong><\/p>\n<p style=\"color: #2d2d2d; text-align: justify;\">Miguel Baptista Nunes, Xi&#8217;an Jiaotong-Liverpool University, China<\/p>\n<p style=\"color: #2d2d2d; text-align: justify;\">Pedro Isa\u00edas, Information Systems &amp; Technology Management School, The University of New South Wales, Australia<\/p>\n<p>&nbsp;<\/p>\n<p style=\"color: #2d2d2d; text-align: justify;\"><strong>Committee Members*<\/strong><\/p>\n<p>Amelia Badica, University Of Craiova, Romania<br \/>\nBetim Cico, Epoka University, Tirana, Albania<br \/>\nBinshan Lin, Louisiana State University Shreveport (lsus), USA<br \/>\nCarlos Medina, Technological University Of Panama, Panama<br \/>\nChristos Kalloniatis, University Of The Aegean, Greece<br \/>\nCiara Heavin, Cork University Business School, Ireland<br \/>\nDemetrios Sarantis, United Nations University, Portugal<br \/>\nDimitris Kardaras, Athens University Of Economics And Business, Greece<br \/>\nEleana Asimakopoulou, University of Bedfordshire, United Kingdom<br \/>\nGiacomo Vella, Politecnico Di Milano School Of Management, Italy<br \/>\nHans-Peter Steinbacher, University Of Applied Sciences, Austria<br \/>\nHuanhuan Xiong, Cork University Business School, Ireland<br \/>\nIna Kayser, Ist-hochschule, University Of Applied Sciences, Germany<br \/>\nIyad Zoukar, Higher Institute of Applied Sciences and Technolog, Syria<br \/>\nJames Thong, HKUST Business School, Hong Kong<br \/>\nJorge Hochstetter, Universidad De La Frontera, Chile<br \/>\nKamelia Stefanova, University Of National And World Economy, Bulgaria<br \/>\nKarsten Boehm, University of Applied Sciences, Austria<br \/>\nKevin Grant, University of Stirling, United Kingdom<br \/>\nKhalid EL KHADIRI, Chouaib Doukkali University, Morocco<br \/>\nLeandro Antonelli, Lifia, Universidad Nacional De La Plata, Argentina<br \/>\nLizette Weilbach, University of Pretoria, South Africa<br \/>\nLorna Uden, Staffordshire University, United Kingdom<br \/>\nLuis Mendoza Pitt\u00ed, Universidad Tecnol\u00f3gica de Panam\u00e1, Panama<br \/>\nLuis Enrique S\u00e1nchez Crespo, University of Castilla-la Mancha, Spain<br \/>\nMajid Alsubaie, University Of Canberra, Saudi Arabia<br \/>\nMohamed Koutheair Khribi, Mada Center, Qatar<br \/>\nNataliia Kotenko, Department Of Software Engineering And Cybersecuri, Ukraine<br \/>\nPaulo Batista, University Of \u00c9vora, Portugal<br \/>\nPierre Dal Zotto, Grenoble Ecole De Management, France<br \/>\nPriyanka Pandey, King&#8217;s College London, United Kingdom<br \/>\nRiana Steyn, University Of Pretoria, South Africa<br \/>\nRob Kusters, Opewn Universtteit Nederland, Netherlands<br \/>\nSamiaji Sarosa, Atma Jaya Yogyakarta University, Indonesia<br \/>\nSandra Zilker, Technical University Of Nuremberg Georg Simon Ohm, Germany<br \/>\nSebastian Lins, Karlsruhe Institute Of Technology, Germany<br \/>\nSonja Ristic, University Of Novi Sad, Serbia<br \/>\nSylvia Melzer, University of Hamburg, Germany<br \/>\nTetyana Zhyrova, State University Of Trade And Economics, Ukraine<br \/>\nVanessa Liu, Singapore University of Social Sciences, Singapore<br \/>\nVasileios Vlachos, University of Thessaly , Greece<br \/>\nVasiliki Vrana, International Hellenic University, Greece<br \/>\nVladimir Trajkovik, University Ss Cyril And Methodious, Macedonia<br \/>\nXenia Mamakou, Athens University Of Economics And Business, Greece<br \/>\nYannis Vassiliou, National Technical University Of Athens, Greece<br \/>\nYanqing Duan, University Of Bedfordshire, United Kingdom<\/p>\n<p>*committee members are being invited<\/p>\n","protected":false},"excerpt":{"rendered":"<p>Conference Chair Professor Philip Powell, University of London, UK &nbsp; Program Co-Chairs Miguel Baptista Nunes, Xi&#8217;an Jiaotong-Liverpool University, China Pedro Isa\u00edas, Information Systems &amp; Technology Management School, The University of New South Wales, Australia &nbsp; Committee Members* Amelia Badica, University Of Craiova, Romania Betim Cico, Epoka University, Tirana, Albania Binshan Lin, Louisiana State University Shreveport [&hellip;]<\/p>\n","protected":false},"author":1,"featured_media":0,"parent":0,"menu_order":0,"comment_status":"closed","ping_status":"closed","template":"","meta":[],"_links":{"self":[{"href":"https:\/\/www.is-conf.org\/oldconferences\/2025\/wp-json\/wp\/v2\/pages\/16"}],"collection":[{"href":"https:\/\/www.is-conf.org\/oldconferences\/2025\/wp-json\/wp\/v2\/pages"}],"about":[{"href":"https:\/\/www.is-conf.org\/oldconferences\/2025\/wp-json\/wp\/v2\/types\/page"}],"author":[{"embeddable":true,"href":"https:\/\/www.is-conf.org\/oldconferences\/2025\/wp-json\/wp\/v2\/users\/1"}],"replies":[{"embeddable":true,"href":"https:\/\/www.is-conf.org\/oldconferences\/2025\/wp-json\/wp\/v2\/comments?post=16"}],"version-history":[{"count":121,"href":"https:\/\/www.is-conf.org\/oldconferences\/2025\/wp-json\/wp\/v2\/pages\/16\/revisions"}],"predecessor-version":[{"id":2230,"href":"https:\/\/www.is-conf.org\/oldconferences\/2025\/wp-json\/wp\/v2\/pages\/16\/revisions\/2230"}],"wp:attachment":[{"href":"https:\/\/www.is-conf.org\/oldconferences\/2025\/wp-json\/wp\/v2\/media?parent=16"}],"curies":[{"name":"wp","href":"https:\/\/api.w.org\/{rel}","templated":true}]}}