{"id":16,"date":"2014-03-26T22:15:08","date_gmt":"2014-03-26T22:15:08","guid":{"rendered":"http:\/\/its-conf.org\/2014\/?page_id=16"},"modified":"2023-01-24T13:39:51","modified_gmt":"2023-01-24T13:39:51","slug":"committees","status":"publish","type":"page","link":"https:\/\/www.is-conf.org\/oldconferences\/2023\/committees\/","title":{"rendered":"Committees"},"content":{"rendered":"<p style=\"color: #2d2d2d; text-align: justify;\"><strong>Conference Chair<\/strong><\/p>\n<p style=\"color: #2d2d2d; text-align: justify;\">Professor Philip Powell, University of London, UK<\/p>\n<p>&nbsp;<\/p>\n<p style=\"color: #2d2d2d; text-align: justify;\"><strong>Program Co-Chairs<\/strong><\/p>\n<p style=\"color: #2d2d2d; text-align: justify;\">Miguel Baptista Nunes, Xi&#8217;an Jiaotong-Liverpool University, China<\/p>\n<p style=\"color: #2d2d2d; text-align: justify;\">Pedro Isa\u00edas, Information Systems &amp; Technology Management School, The University of New South Wales, Australia<\/p>\n<p>&nbsp;<\/p>\n<p style=\"color: #2d2d2d; text-align: justify;\"><strong>Committee Members*<\/strong><\/p>\n<p>Amelia Badica, University Of Craiova, Romania<br \/>\nAnand Sheombar, Hogeschool Utrecht, Netherlands<br \/>\nAndrea Kienle, University of Applied Sciences Dortmund, Germany<br \/>\nBetim Cico, Epoka University, Tirana, Albania<br \/>\nChristos Kalloniatis, University Of The Aegean, Greece<br \/>\nCorrado Loglisci, University Of Bari, Italy<br \/>\nDaniel Wilusz, Pozna\u0144 University Of Economics And Business, Polska<br \/>\nDavid G. Rosado, University Of Castilla-la Mancha, Spain<br \/>\nDemetrios Sarantis, United Nations University, Portugal<br \/>\nDimitris Karagiannis, University Of Vienna, Austria<br \/>\nDimitris Kardaras, Athens University Of Economics And Business, Greece<br \/>\nEddie Soulier, Universit\u00e9 De Technologie De Troyes, France<br \/>\nElli Georgiadou, Middlesex University, United Kingdom<br \/>\nHans-Peter Steinbacher, University Of Applied Sciences, Austria<br \/>\nHisham Al-mubaid, University Of Houston, USA<br \/>\nIyad Zoukar, Higher Institute of Applied Sciences and Technolog, Syria<br \/>\nJames Thong, HKUST Business School, Hong Kong<br \/>\nJeffrey Parsons, Memorial University Of Newfoundland, Canada<br \/>\nJorge Hochstetter, Universidad De La Frontera, Chile<br \/>\nJos\u00e9 Leopoldo Nhampossa, Universidade Eduardo Mondlane, Mozambique<br \/>\nKamel Rouibah, Kuwait University, Kuwait<br \/>\nKamelia Stefanova, University Of National And World Economy, Bulgaria<br \/>\nKarsten Boehm, University of Applied Sciences, Austria<br \/>\nLeandro Antonelli, Lifia, Universidad Nacional De La Plata, Argentina<br \/>\nLilia Mu\u00f1oz, Universidad Tecnol\u00f3gica De Panama, Panam\u00e1<br \/>\nLilian Mitrou, University Of The Aegean , Greece<br \/>\nLorna Uden, Staffordshire University, United Kingdom<br \/>\nLuis Enrique S\u00e1nchez Crespo, University of Castilla-la Mancha, Espa\u00f1a<br \/>\nMirjana Pejic-bach, University Of Zagreb, Croatia<br \/>\nNiki Kyriakou, University Of The Aegean, Greece<br \/>\nOmar Boussaid, University Lyon2, France<br \/>\nPaulo Batista, University Of \u00c9vora, Portugal<br \/>\nPierre Dal Zotto, Grenoble Ecole De Management, France<br \/>\nRob Kusters, Opewn Universtteit Nederland, Netherlands<br \/>\nSamiaji Sarosa, Atma Jaya Yogyakarta University, Indonesia<br \/>\nSeppo Sirkemaa, University of Turku, Finland<br \/>\nSokratis Katsikas, Norwegian University of Science and Technology, Norway<br \/>\nSonja Ristic, University Of Novi Sad, Serbia<br \/>\nSpyros Kokolakis, University Of The Aegean, Greece<br \/>\nStefan Morcov, KU Leuven, Belgium<br \/>\nTimothy Arndt, Cleveland State University, USA<br \/>\nVanessa Liu, Singapore University of Social Sciences, Singapore<br \/>\nVangel Ajanovski, Ss. Cyril and Methodius University in Skopje, Republic of North Macedonia<br \/>\nVasileios Vlachos, University of Thessaly , Greece<br \/>\nVasiliki Vrana, International Hellenic University, Greece<br \/>\nVinod Kumar, Carleton University, Canada<br \/>\nVladimir Trajkovik, University Ss Cyril And Methodious, Macedonia<br \/>\nXenia Mamakou, Athens University Of Economics And Business, Greece<br \/>\nYannis Vassiliou, National Technical University Of Athens, Greece<br \/>\nYanqing Duan, University Of Bedfordshire , United Kingdom<br \/>\nZoltan Szabo, Corvinus University Of Budapest, Hungary<\/p>\n<p>&nbsp;<\/p>\n<p>*committee members are being invited<\/p>\n","protected":false},"excerpt":{"rendered":"<p>Conference Chair Professor Philip Powell, University of London, UK &nbsp; Program Co-Chairs Miguel Baptista Nunes, Xi&#8217;an Jiaotong-Liverpool University, China Pedro Isa\u00edas, Information Systems &amp; Technology Management School, The University of New South Wales, Australia &nbsp; Committee Members* Amelia Badica, University Of Craiova, Romania Anand Sheombar, Hogeschool Utrecht, Netherlands Andrea Kienle, University of Applied Sciences Dortmund, <a class=\"more-link\" href=\"https:\/\/www.is-conf.org\/oldconferences\/2023\/committees\/\">Continue reading <i class=\"fa fa-chevron-right\"><\/i><\/a><\/p>\n","protected":false},"author":1,"featured_media":0,"parent":0,"menu_order":0,"comment_status":"closed","ping_status":"closed","template":"","meta":{"footnotes":""},"class_list":["post-16","page","type-page","status-publish","hentry"],"_links":{"self":[{"href":"https:\/\/www.is-conf.org\/oldconferences\/2023\/wp-json\/wp\/v2\/pages\/16"}],"collection":[{"href":"https:\/\/www.is-conf.org\/oldconferences\/2023\/wp-json\/wp\/v2\/pages"}],"about":[{"href":"https:\/\/www.is-conf.org\/oldconferences\/2023\/wp-json\/wp\/v2\/types\/page"}],"author":[{"embeddable":true,"href":"https:\/\/www.is-conf.org\/oldconferences\/2023\/wp-json\/wp\/v2\/users\/1"}],"replies":[{"embeddable":true,"href":"https:\/\/www.is-conf.org\/oldconferences\/2023\/wp-json\/wp\/v2\/comments?post=16"}],"version-history":[{"count":111,"href":"https:\/\/www.is-conf.org\/oldconferences\/2023\/wp-json\/wp\/v2\/pages\/16\/revisions"}],"predecessor-version":[{"id":1803,"href":"https:\/\/www.is-conf.org\/oldconferences\/2023\/wp-json\/wp\/v2\/pages\/16\/revisions\/1803"}],"wp:attachment":[{"href":"https:\/\/www.is-conf.org\/oldconferences\/2023\/wp-json\/wp\/v2\/media?parent=16"}],"curies":[{"name":"wp","href":"https:\/\/api.w.org\/{rel}","templated":true}]}}